{"id":3718,"date":"2021-10-01T11:14:16","date_gmt":"2021-10-01T09:14:16","guid":{"rendered":"https:\/\/www.arem.fr\/home\/tertiaerer-bereich\/"},"modified":"2022-01-04T20:01:05","modified_gmt":"2022-01-04T19:01:05","slug":"tertiaerer-bereich","status":"publish","type":"page","link":"https:\/\/www.arem.fr\/de\/home\/tertiaerer-bereich\/","title":{"rendered":"Terti\u00e4rer Bereich"},"content":{"rendered":"","protected":false},"excerpt":{"rendered":"","protected":false},"author":1,"featured_media":0,"parent":3695,"menu_order":0,"comment_status":"closed","ping_status":"closed","template":"templates\/espace.php","meta":{"_acf_changed":false,"footnotes":""},"class_list":["post-3718","page","type-page","status-publish","hentry"],"acf":[],"yoast_head":"<!-- This site is optimized with the Yoast SEO plugin v27.3 - https:\/\/yoast.com\/product\/yoast-seo-wordpress\/ -->\n<title>Terti\u00e4rer Bereich - AREM - The Ventilation Performance<\/title>\n<meta name=\"description\" content=\"Baureihen, die insbesondere im Bauwesen Anwendung finden (z. B. bei der Bel\u00fcftung von Mehrfamilienh\u00e4usern, B\u00fcrogeb\u00e4uden usw.)\" \/>\n<meta name=\"robots\" content=\"index, follow, max-snippet:-1, max-image-preview:large, max-video-preview:-1\" \/>\n<link rel=\"canonical\" href=\"https:\/\/www.arem.fr\/de\/home\/tertiaerer-bereich\/\" \/>\n<meta property=\"og:locale\" content=\"de_DE\" \/>\n<meta property=\"og:type\" content=\"article\" \/>\n<meta property=\"og:title\" content=\"Terti\u00e4rer Bereich - AREM - The Ventilation Performance\" \/>\n<meta property=\"og:description\" content=\"Baureihen, die insbesondere im Bauwesen Anwendung finden (z. B. bei der Bel\u00fcftung von Mehrfamilienh\u00e4usern, B\u00fcrogeb\u00e4uden usw.)\" \/>\n<meta property=\"og:url\" content=\"https:\/\/www.arem.fr\/de\/home\/tertiaerer-bereich\/\" \/>\n<meta property=\"og:site_name\" content=\"AREM - The Ventilation Performance\" \/>\n<meta property=\"article:modified_time\" content=\"2022-01-04T19:01:05+00:00\" \/>\n<meta name=\"twitter:card\" content=\"summary_large_image\" \/>\n<script type=\"application\/ld+json\" class=\"yoast-schema-graph\">{\"@context\":\"https:\\\/\\\/schema.org\",\"@graph\":[{\"@type\":\"WebPage\",\"@id\":\"https:\\\/\\\/www.arem.fr\\\/de\\\/home\\\/tertiaerer-bereich\\\/\",\"url\":\"https:\\\/\\\/www.arem.fr\\\/de\\\/home\\\/tertiaerer-bereich\\\/\",\"name\":\"Terti\u00e4rer Bereich - AREM - The Ventilation Performance\",\"isPartOf\":{\"@id\":\"https:\\\/\\\/www.arem.fr\\\/de\\\/#website\"},\"datePublished\":\"2021-10-01T09:14:16+00:00\",\"dateModified\":\"2022-01-04T19:01:05+00:00\",\"description\":\"Baureihen, die insbesondere im Bauwesen Anwendung finden (z. B. bei der Bel\u00fcftung von Mehrfamilienh\u00e4usern, B\u00fcrogeb\u00e4uden usw.)\",\"breadcrumb\":{\"@id\":\"https:\\\/\\\/www.arem.fr\\\/de\\\/home\\\/tertiaerer-bereich\\\/#breadcrumb\"},\"inLanguage\":\"de\",\"potentialAction\":[{\"@type\":\"ReadAction\",\"target\":[\"https:\\\/\\\/www.arem.fr\\\/de\\\/home\\\/tertiaerer-bereich\\\/\"]}]},{\"@type\":\"BreadcrumbList\",\"@id\":\"https:\\\/\\\/www.arem.fr\\\/de\\\/home\\\/tertiaerer-bereich\\\/#breadcrumb\",\"itemListElement\":[{\"@type\":\"ListItem\",\"position\":1,\"name\":\"Accueil\",\"item\":\"https:\\\/\\\/www.arem.fr\\\/de\\\/\"},{\"@type\":\"ListItem\",\"position\":2,\"name\":\"Home\",\"item\":\"https:\\\/\\\/www.arem.fr\\\/de\\\/\"},{\"@type\":\"ListItem\",\"position\":3,\"name\":\"Terti\u00e4rer Bereich\"}]},{\"@type\":\"WebSite\",\"@id\":\"https:\\\/\\\/www.arem.fr\\\/de\\\/#website\",\"url\":\"https:\\\/\\\/www.arem.fr\\\/de\\\/\",\"name\":\"AREM - The Ventilation Performance\",\"description\":\"Depuis plus de 50 ans, AREM - The Ventilation Performance, vous propose une large gamme de ventilateurs, H\u00e9lico\u00efdaux et Centrifuges\",\"publisher\":{\"@id\":\"https:\\\/\\\/www.arem.fr\\\/de\\\/#organization\"},\"potentialAction\":[{\"@type\":\"SearchAction\",\"target\":{\"@type\":\"EntryPoint\",\"urlTemplate\":\"https:\\\/\\\/www.arem.fr\\\/de\\\/?s={search_term_string}\"},\"query-input\":{\"@type\":\"PropertyValueSpecification\",\"valueRequired\":true,\"valueName\":\"search_term_string\"}}],\"inLanguage\":\"de\"},{\"@type\":\"Organization\",\"@id\":\"https:\\\/\\\/www.arem.fr\\\/de\\\/#organization\",\"name\":\"AREM - The Ventillation Performance\",\"url\":\"https:\\\/\\\/www.arem.fr\\\/de\\\/\",\"logo\":{\"@type\":\"ImageObject\",\"inLanguage\":\"de\",\"@id\":\"https:\\\/\\\/www.arem.fr\\\/de\\\/#\\\/schema\\\/logo\\\/image\\\/\",\"url\":\"https:\\\/\\\/www.arem.fr\\\/wp-content\\\/uploads\\\/2018\\\/05\\\/arem-logo.png\",\"contentUrl\":\"https:\\\/\\\/www.arem.fr\\\/wp-content\\\/uploads\\\/2018\\\/05\\\/arem-logo.png\",\"width\":700,\"height\":332,\"caption\":\"AREM - The Ventillation Performance\"},\"image\":{\"@id\":\"https:\\\/\\\/www.arem.fr\\\/de\\\/#\\\/schema\\\/logo\\\/image\\\/\"}}]}<\/script>\n<!-- \/ Yoast SEO plugin. -->","yoast_head_json":{"title":"Terti\u00e4rer Bereich - AREM - The Ventilation Performance","description":"Baureihen, die insbesondere im Bauwesen Anwendung finden (z. B. bei der Bel\u00fcftung von Mehrfamilienh\u00e4usern, B\u00fcrogeb\u00e4uden usw.)","robots":{"index":"index","follow":"follow","max-snippet":"max-snippet:-1","max-image-preview":"max-image-preview:large","max-video-preview":"max-video-preview:-1"},"canonical":"https:\/\/www.arem.fr\/de\/home\/tertiaerer-bereich\/","og_locale":"de_DE","og_type":"article","og_title":"Terti\u00e4rer Bereich - AREM - The Ventilation Performance","og_description":"Baureihen, die insbesondere im Bauwesen Anwendung finden (z. B. bei der Bel\u00fcftung von Mehrfamilienh\u00e4usern, B\u00fcrogeb\u00e4uden usw.)","og_url":"https:\/\/www.arem.fr\/de\/home\/tertiaerer-bereich\/","og_site_name":"AREM - The Ventilation Performance","article_modified_time":"2022-01-04T19:01:05+00:00","twitter_card":"summary_large_image","schema":{"@context":"https:\/\/schema.org","@graph":[{"@type":"WebPage","@id":"https:\/\/www.arem.fr\/de\/home\/tertiaerer-bereich\/","url":"https:\/\/www.arem.fr\/de\/home\/tertiaerer-bereich\/","name":"Terti\u00e4rer Bereich - AREM - The Ventilation Performance","isPartOf":{"@id":"https:\/\/www.arem.fr\/de\/#website"},"datePublished":"2021-10-01T09:14:16+00:00","dateModified":"2022-01-04T19:01:05+00:00","description":"Baureihen, die insbesondere im Bauwesen Anwendung finden (z. B. bei der Bel\u00fcftung von Mehrfamilienh\u00e4usern, B\u00fcrogeb\u00e4uden usw.)","breadcrumb":{"@id":"https:\/\/www.arem.fr\/de\/home\/tertiaerer-bereich\/#breadcrumb"},"inLanguage":"de","potentialAction":[{"@type":"ReadAction","target":["https:\/\/www.arem.fr\/de\/home\/tertiaerer-bereich\/"]}]},{"@type":"BreadcrumbList","@id":"https:\/\/www.arem.fr\/de\/home\/tertiaerer-bereich\/#breadcrumb","itemListElement":[{"@type":"ListItem","position":1,"name":"Accueil","item":"https:\/\/www.arem.fr\/de\/"},{"@type":"ListItem","position":2,"name":"Home","item":"https:\/\/www.arem.fr\/de\/"},{"@type":"ListItem","position":3,"name":"Terti\u00e4rer Bereich"}]},{"@type":"WebSite","@id":"https:\/\/www.arem.fr\/de\/#website","url":"https:\/\/www.arem.fr\/de\/","name":"AREM - The Ventilation Performance","description":"Depuis plus de 50 ans, AREM - The Ventilation Performance, vous propose une large gamme de ventilateurs, H\u00e9lico\u00efdaux et Centrifuges","publisher":{"@id":"https:\/\/www.arem.fr\/de\/#organization"},"potentialAction":[{"@type":"SearchAction","target":{"@type":"EntryPoint","urlTemplate":"https:\/\/www.arem.fr\/de\/?s={search_term_string}"},"query-input":{"@type":"PropertyValueSpecification","valueRequired":true,"valueName":"search_term_string"}}],"inLanguage":"de"},{"@type":"Organization","@id":"https:\/\/www.arem.fr\/de\/#organization","name":"AREM - The Ventillation Performance","url":"https:\/\/www.arem.fr\/de\/","logo":{"@type":"ImageObject","inLanguage":"de","@id":"https:\/\/www.arem.fr\/de\/#\/schema\/logo\/image\/","url":"https:\/\/www.arem.fr\/wp-content\/uploads\/2018\/05\/arem-logo.png","contentUrl":"https:\/\/www.arem.fr\/wp-content\/uploads\/2018\/05\/arem-logo.png","width":700,"height":332,"caption":"AREM - The Ventillation Performance"},"image":{"@id":"https:\/\/www.arem.fr\/de\/#\/schema\/logo\/image\/"}}]}},"_links":{"self":[{"href":"https:\/\/www.arem.fr\/de\/wp-json\/wp\/v2\/pages\/3718","targetHints":{"allow":["GET"]}}],"collection":[{"href":"https:\/\/www.arem.fr\/de\/wp-json\/wp\/v2\/pages"}],"about":[{"href":"https:\/\/www.arem.fr\/de\/wp-json\/wp\/v2\/types\/page"}],"author":[{"embeddable":true,"href":"https:\/\/www.arem.fr\/de\/wp-json\/wp\/v2\/users\/1"}],"replies":[{"embeddable":true,"href":"https:\/\/www.arem.fr\/de\/wp-json\/wp\/v2\/comments?post=3718"}],"version-history":[{"count":3,"href":"https:\/\/www.arem.fr\/de\/wp-json\/wp\/v2\/pages\/3718\/revisions"}],"predecessor-version":[{"id":6168,"href":"https:\/\/www.arem.fr\/de\/wp-json\/wp\/v2\/pages\/3718\/revisions\/6168"}],"up":[{"embeddable":true,"href":"https:\/\/www.arem.fr\/de\/wp-json\/wp\/v2\/pages\/3695"}],"wp:attachment":[{"href":"https:\/\/www.arem.fr\/de\/wp-json\/wp\/v2\/media?parent=3718"}],"curies":[{"name":"wp","href":"https:\/\/api.w.org\/{rel}","templated":true}]}}